{"id":6,"date":"2015-07-23T22:54:17","date_gmt":"2015-07-23T19:54:17","guid":{"rendered":"http:\/\/www.magazinhabercim.com\/?page_id=6"},"modified":"2015-07-29T23:42:01","modified_gmt":"2015-07-29T20:42:01","slug":"kunye","status":"publish","type":"page","link":"https:\/\/www.magazinhabercim.com\/index.php\/kunye\/","title":{"rendered":"K\u00fcnye"},"content":{"rendered":"<p style=\"text-align: center;\"><a href=\"https:\/\/www.magazinhabercim.com\/wp-content\/uploads\/logosss41.png\"><img loading=\"lazy\" decoding=\"async\" class=\"alignnone size-full wp-image-847\" src=\"https:\/\/www.magazinhabercim.com\/wp-content\/uploads\/logosss41.png\" alt=\"logosss4\" width=\"258\" height=\"80\" \/><\/a><\/p>\n<p style=\"text-align: center;\"><strong>\u0130MT\u0130YAZ SAH\u0130B\u0130 \/ Grantee &#8211; Batu Production Medya Yap\u0131m<\/strong><\/p>\n<p style=\"text-align: center;\">G\u00fczeloba Mahallesi Karanfil 2 Sokak . \u0130rem Apt 18\/3 Lara \/ Muratpa\u015fa \/ Antalya<\/p>\n<p style=\"text-align: center;\">Vergi numaras\u0131 : 15674836715 Vergi Dairesi : Kalekap\u0131 VD.<\/p>\n<p style=\"text-align: center;\">\n<p style=\"text-align: center;\"><strong>Y\u00d6NET\u0130M \/ Management &#8211; Magazin Habercim Y\u00f6netimi<\/strong><\/p>\n<p style=\"text-align: center;\">Furkan Bedir &#8211; f.bedir@magazinhabercim.com ( Genel Yay\u0131n Y\u00f6netmeni\/Editor In Chief )<\/p>\n<p style=\"text-align: center;\">\n<p style=\"text-align: center;\"><strong>ED\u0130T\u00d6RLER \/ News Editors -Magazin Habercim Edit\u00f6rleri<\/strong><\/p>\n<p style=\"text-align: center;\">Ali Kara\u00e7uha &#8211; alikaracuha@magazinhabercim.com ( Edit\u00f6r )<\/p>\n<p style=\"text-align: center;\">Ceyda Bat\u0131 &#8211; ceydabati@magazinhabercim.com ( Edit\u00f6r )<\/p>\n<p style=\"text-align: center;\">Ozan K\u0131l\u0131n\u00e7 &#8211; ozankilinc@magazinhabercim.com ( Edit\u00f6r )<\/p>\n<p style=\"text-align: center;\">Mehmet AKBULLUT &#8211; mehmetakbulut@magazinhabercim.com (Gece Edit\u00f6r\u00fc)<\/p>\n<p style=\"text-align: center;\">\n<p style=\"text-align: center;\"><strong>K\u00d6\u015eE YAZARLARI \/ Columnists &#8211; Magazin Habercim K\u00f6\u015fe Yazarlar\u0131<\/strong><\/p>\n<p style=\"text-align: center;\">Furkan Bedir &#8211; f.bedir@magazinhabercim.com ( K\u00f6\u015fe Yazar\u0131 )<\/p>\n<p style=\"text-align: center;\">Ahmet Dursun\u00a0&#8211; a.dursun@magazinhabercim.com ( K\u00f6\u015fe Yazar\u0131 )<\/p>\n<p style=\"text-align: center;\">Murat Siver &#8211; muratsivri@magazinhabercim.com ( K\u00f6\u015fe Yazar\u0131 )<\/p>\n<p style=\"text-align: center;\">\n<p style=\"text-align: center;\"><strong>EK\u0130P\/Team &#8211; Magazin Habercim Yaz\u0131l\u0131m Ve Sistem Y\u00f6netimi<\/strong><\/p>\n<p style=\"text-align: center;\"><strong>Yer Sa\u011flay\u0131c\u0131 \/ Hosting Company<\/strong><br \/>\nOnofis Bili\u015fim Hizmetleri- info@onofis.com<br \/>\nwww.onofis.com<br \/>\nTelefon\/Telephone Number : 0850 303 89 09<\/p>\n<p style=\"text-align: center;\">\n<p style=\"text-align: center;\"><strong>Yaz\u0131l\u0131m &#8211; System<\/strong><br \/>\nWordpress 4.2.3 \/ Alegria Responsive Magazine Theme<br \/>\nWordpress &#8211; info@wordpress.org<br \/>\nwww.wordpress.org<\/p>\n<p style=\"text-align: center;\">\n<p style=\"text-align: center;\"><strong>MAL\u0130 M\u00dc\u015eAV\u0130R\/Financial Advisor<\/strong><br \/>\n\u015eefika Erol &#8211; info@sefikaerol.com<br \/>\nwww.sefikaerol.com<br \/>\nTelefon\/Telephone Number: +90 242 244 57 20<br \/>\nFax: +90 242 244 57 21<\/p>\n<p style=\"text-align: center;\">\n<p style=\"text-align: center;\"><strong>\u0130LET\u0130\u015e\u0130M\/Contact<\/strong><br \/>\nMail : info@magazinhabercim.com<br \/>\nTelefon\/Telephone Number : (0242) 324 74 05<br \/>\nFax Number : (0242) 324 74 05<\/p>\n<p style=\"text-align: center;\">\n<p style=\"text-align: center;\">\u00a9 Copyrigth 2015 magazinhabercim.com t\u00fcm haklar\u0131 sakl\u0131d\u0131r. Kod, haber, resim, r\u00f6portaj gibi her t\u00fcrl\u00fc i\u00e7eri\u011finin t\u00fcm telif haklar\u0131 magazinhabercim.com\u2019a aittir. magazinhabercim.com sitesinde yer alan b\u00fct\u00fcn yaz\u0131lar, materyaller, resimler, ses dosyalar\u0131, animasyonlar, videolar, dizayn, tasar\u0131m ve d\u00fczenlemelerimizin telif haklar\u0131 5846 numaral\u0131 yasa telif haklar\u0131 korunmaktad\u0131r. Bunlar magazinhabercim.com\u2019un yaz\u0131l\u0131 izni olmaks\u0131z\u0131n ticari olarak herhangi bir \u015fekilde kopyalanamaz, da\u011f\u0131t\u0131lamaz, de\u011fi\u015ftirilemez, yay\u0131nlanamaz. \u0130zinsiz ve kaynak belirtilmeksizin kopyalama ve kullan\u0131m\u0131 yap\u0131lamaz. magazinhabercim.com\u2019daki harici linkler ayr\u0131 bir sayfada a\u00e7\u0131l\u0131r. Yay\u0131nlanan yaz\u0131 ve yorumlardan yazarlar\u0131 sorumludur. magazinhabercim.com\u2019da hi\u00e7bir bildirim yapmadan, herhangi bir zaman de\u011fi\u015fikli\u011fe gidebilir. Bu sitedeki bilgilerden kaynakl\u0131 hatalar\u0131n hi\u00e7birinden sorumlu de\u011fildir. Kald\u0131r\u0131lmas\u0131n\u0131 istedi\u011finiz i\u00e7erikleri buraya t\u0131klayarak bize iletebilirsiniz. Talebiniz incelenecek ve uygun bulunursa i\u00e7erik siteden kald\u0131r\u0131lacakt\u0131r.<\/p>\n","protected":false},"excerpt":{"rendered":"<p>\u0130MT\u0130YAZ SAH\u0130B\u0130 \/ Grantee &#8211; Batu Production Medya Yap\u0131m G\u00fczeloba Mahallesi Karanfil 2 Sokak . \u0130rem Apt 18\/3 Lara \/ Muratpa\u015fa \/ Antalya Vergi numaras\u0131 : 15674836715 Vergi Dairesi : Kalekap\u0131 VD. Y\u00d6NET\u0130M \/ Management &#8211; Magazin Habercim Y\u00f6netimi Furkan Bedir &#8211; f.bedir@magazinhabercim.com ( Genel Yay\u0131n Y\u00f6netmeni\/Editor In Chief ) ED\u0130T\u00d6RLER \/ News Editors -Magazin&#8230;<\/p>\n","protected":false},"author":1,"featured_media":0,"parent":0,"menu_order":0,"comment_status":"closed","ping_status":"closed","template":"","meta":{"footnotes":""},"_links":{"self":[{"href":"https:\/\/www.magazinhabercim.com\/index.php\/wp-json\/wp\/v2\/pages\/6"}],"collection":[{"href":"https:\/\/www.magazinhabercim.com\/index.php\/wp-json\/wp\/v2\/pages"}],"about":[{"href":"https:\/\/www.magazinhabercim.com\/index.php\/wp-json\/wp\/v2\/types\/page"}],"author":[{"embeddable":true,"href":"https:\/\/www.magazinhabercim.com\/index.php\/wp-json\/wp\/v2\/users\/1"}],"replies":[{"embeddable":true,"href":"https:\/\/www.magazinhabercim.com\/index.php\/wp-json\/wp\/v2\/comments?post=6"}],"version-history":[{"count":5,"href":"https:\/\/www.magazinhabercim.com\/index.php\/wp-json\/wp\/v2\/pages\/6\/revisions"}],"predecessor-version":[{"id":864,"href":"https:\/\/www.magazinhabercim.com\/index.php\/wp-json\/wp\/v2\/pages\/6\/revisions\/864"}],"wp:attachment":[{"href":"https:\/\/www.magazinhabercim.com\/index.php\/wp-json\/wp\/v2\/media?parent=6"}],"curies":[{"name":"wp","href":"https:\/\/api.w.org\/{rel}","templated":true}]}}