{"id":844,"date":"2015-07-29T22:41:11","date_gmt":"2015-07-29T19:41:11","guid":{"rendered":"http:\/\/www.magazinhabercim.com\/?page_id=844"},"modified":"2015-07-29T22:50:20","modified_gmt":"2015-07-29T19:50:20","slug":"site-kullanim-sartlari","status":"publish","type":"page","link":"https:\/\/www.magazinhabercim.com\/index.php\/site-kullanim-sartlari\/","title":{"rendered":"Site Kullan\u0131m \u015eartlar\u0131"},"content":{"rendered":"<p><a href=\"https:\/\/www.magazinhabercim.com\/wp-content\/uploads\/logosss41.png\"><img loading=\"lazy\" decoding=\"async\" class=\" size-full wp-image-847 aligncenter\" src=\"https:\/\/www.magazinhabercim.com\/wp-content\/uploads\/logosss41.png\" alt=\"logosss4\" width=\"258\" height=\"80\" \/><\/a><\/p>\n<p>A\u015fa\u011f\u0131daki maddeler Magazinhabercim\u00a0sitesinin kullan\u0131m \u015fartlar\u0131n\u0131 i\u00e7ermektedir. Bu \u015fartlar\u0131 dikkatle okuman\u0131z\u0131 rica ediyor ve kabul etmemeniz halinde sitemizi ziyaret etmemenizi tavsiye ediyoruz.<\/p>\n<p>Web sitemizi ziyaret eden ve hizmetlerinden faydalanan kullan\u0131c\u0131lar\u0131n bu \u015fartlar\u0131 kabul ettiklerini varsaymaktay\u0131z. Yay\u0131nlad\u0131\u011f\u0131m\u0131z bu Kullan\u0131m \u015eartlar\u0131 d\u00f6k\u00fcman\u0131 \u00fczerinde de\u011fi\u015fiklik yapma, ekleme, kald\u0131rma ve geli\u015ftirme hakk\u0131m\u0131z\u0131 sakl\u0131 tutuyoruz. Bu \u015fartlar\u0131n de\u011fi\u015fiminden kaynaklanabilecek olumsuzluklardan dolay\u0131 sorumlu olmad\u0131\u011f\u0131m\u0131z\u0131 bildiriyoruz.<\/p>\n<p>Magazin Habercim\u00a0adresinde yay\u0131nlanmakta olan t\u00fcm medya, dosya, yaz\u0131, resim ve benzeri d\u00f6k\u00fcmanlar Magazinhabercim.com\u2018 a ait \u00f6zg\u00fcn d\u00f6k\u00fcmanlard\u0131r. Bu d\u00f6k\u00fcmanlar\u0131n izinsiz olarak ba\u015fka bir web sitesi, uygulama, intranet ortam\u0131 veya bilgi payla\u015f\u0131m\u0131 programlar\u0131yla \u00e7o\u011falt\u0131lmas\u0131, kopyalanmas\u0131 ve bas\u0131lmas\u0131 yasak ve etik a\u00e7\u0131dan do\u011fru de\u011fildir. Bu d\u00f6k\u00fcmanlar\u0131n kullan\u0131ld\u0131\u011f\u0131 tespit edildi\u011fi taktirde, yasal yollara ba\u015fvurma hakk\u0131m\u0131z\u0131 sakl\u0131 tuttu\u011fumuzu bildiriyoruz.<\/p>\n<p>Magazinhabercim.com adresinde bulunan t\u00fcm dok\u00fcman, sayfa ve medya dosyalar\u0131 ileri seviye vir\u00fcs programlar\u0131 taraf\u0131ndan periyodik olarak kontrol edilmektedir. Fakat, site taraf\u0131ndan herhangi bir \u015fekilde kullan\u0131c\u0131 sistemlerine ge\u00e7ebilecek zararl\u0131 vir\u00fcs yaz\u0131l\u0131mlar\u0131ndan dolay\u0131 sorumlu olmad\u0131\u011f\u0131m\u0131z\u0131 bildiriyoruz. Bu konuda, kullan\u0131c\u0131lar\u0131n kendi sistemlerini gerekli vir\u00fcs tarama programlar\u0131yla korumalar\u0131n\u0131 tavsiye ediyoruz.<\/p>\n<p>Hizmet kalitemizi en \u00fcst seviyede tutabilmek i\u00e7in, sistem i\u015fleyi\u015finde yapaca\u011f\u0131m\u0131z t\u00fcm de\u011fi\u015fiklikler i\u00e7in kullan\u0131c\u0131lar\u0131m\u0131za \u00f6nceden haber verme taahh\u00fct\u00fcnde bulunmad\u0131\u011f\u0131m\u0131z\u0131 bildiriyoruz. Yap\u0131lan de\u011fi\u015fikliklerden (yaz\u0131l\u0131m, sistem, yap\u0131, vb.) do\u011fabilecek hatalar\u0131 en k\u0131sa s\u00fcrede d\u00fczeltmeyi taahh\u00fct ediyoruz fakat bu i\u015flemler s\u0131ras\u0131nda kullan\u0131c\u0131ya yans\u0131yacak zararlar i\u00e7in herhangi bir taahh\u00fctte bulunmuyoruz. Kullan\u0131c\u0131lar, b\u00f6yle bir s\u00fcre\u00e7te g\u00f6rebilecekleri zararlardan dolay\u0131 bir hak veya zarar tazmini talebinde bulunamazlar.<\/p>\n<p>Web sitemizde bulunan hizmetler online olarak sunulmaktad\u0131r. Online verilen bu hizmetler, internet hatlar\u0131nda meydana gelebilecek kesintilerden \/ donan\u0131msal ar\u0131zalardan ve hizmet g\u00fcncellenmelerinden dolay\u0131 zaman zaman kesintiye u\u011frayabilmektedir. Bu konuda, kullan\u0131c\u0131lara hi\u00e7bir taahh\u00fct\u00fcm\u00fcz yoktur.<\/p>\n<p>Kullan\u0131c\u0131n\u0131n, ba\u011fl\u0131 oldu\u011fu \u00fclke yasalar\u0131\u2019na ayk\u0131r\u0131 ve su\u00e7 te\u015fkil eden herhangi bir davran\u0131\u015f\u0131 tespit edildi\u011fi taktirde, kullan\u0131c\u0131n\u0131n site ile etkile\u015fimini sonland\u0131rma hakk\u0131m\u0131z\u0131 sakl\u0131 tutuyoruz.<\/p>\n","protected":false},"excerpt":{"rendered":"<p>A\u015fa\u011f\u0131daki maddeler Magazinhabercim\u00a0sitesinin kullan\u0131m \u015fartlar\u0131n\u0131 i\u00e7ermektedir. Bu \u015fartlar\u0131 dikkatle okuman\u0131z\u0131 rica ediyor ve kabul etmemeniz halinde sitemizi ziyaret etmemenizi tavsiye ediyoruz. Web sitemizi ziyaret eden ve hizmetlerinden faydalanan kullan\u0131c\u0131lar\u0131n bu \u015fartlar\u0131 kabul ettiklerini varsaymaktay\u0131z. Yay\u0131nlad\u0131\u011f\u0131m\u0131z bu Kullan\u0131m \u015eartlar\u0131 d\u00f6k\u00fcman\u0131 \u00fczerinde de\u011fi\u015fiklik yapma, ekleme, kald\u0131rma ve geli\u015ftirme hakk\u0131m\u0131z\u0131 sakl\u0131 tutuyoruz. Bu \u015fartlar\u0131n de\u011fi\u015fiminden kaynaklanabilecek olumsuzluklardan dolay\u0131&#8230;<\/p>\n","protected":false},"author":1,"featured_media":0,"parent":0,"menu_order":0,"comment_status":"closed","ping_status":"closed","template":"","meta":{"footnotes":""},"_links":{"self":[{"href":"https:\/\/www.magazinhabercim.com\/index.php\/wp-json\/wp\/v2\/pages\/844"}],"collection":[{"href":"https:\/\/www.magazinhabercim.com\/index.php\/wp-json\/wp\/v2\/pages"}],"about":[{"href":"https:\/\/www.magazinhabercim.com\/index.php\/wp-json\/wp\/v2\/types\/page"}],"author":[{"embeddable":true,"href":"https:\/\/www.magazinhabercim.com\/index.php\/wp-json\/wp\/v2\/users\/1"}],"replies":[{"embeddable":true,"href":"https:\/\/www.magazinhabercim.com\/index.php\/wp-json\/wp\/v2\/comments?post=844"}],"version-history":[{"count":3,"href":"https:\/\/www.magazinhabercim.com\/index.php\/wp-json\/wp\/v2\/pages\/844\/revisions"}],"predecessor-version":[{"id":848,"href":"https:\/\/www.magazinhabercim.com\/index.php\/wp-json\/wp\/v2\/pages\/844\/revisions\/848"}],"wp:attachment":[{"href":"https:\/\/www.magazinhabercim.com\/index.php\/wp-json\/wp\/v2\/media?parent=844"}],"curies":[{"name":"wp","href":"https:\/\/api.w.org\/{rel}","templated":true}]}}